{"id":2,"date":"2016-01-21T13:45:55","date_gmt":"2016-01-21T12:45:55","guid":{"rendered":"http:\/\/new.airkan.be\/?page_id=2"},"modified":"2025-07-14T10:15:04","modified_gmt":"2025-07-14T09:15:04","slug":"nos-services","status":"publish","type":"page","link":"https:\/\/www.airkan.be\/fr\/nos-services\/","title":{"rendered":"Nos services"},"content":{"rendered":"<h2 id=\"etude\">Bureau d\u2019\u00e9tude \u2013 Etude des plans<\/h2>\n<p>Notre bureau d\u2019\u00e9tude \u00e9tudie les plans de votre projet et optimise les sections, raccords et accessoires n\u00e9cessaires. De cette mani\u00e8re, le budget du projet est totalement optimis\u00e9 et le d\u00e9lai de mise en \u0153uvre sur chantier est raccourci.<\/p>\n<h2 id=\"logistique\">Service Logistique<\/h2>\n<p>Notre d\u00e9partement logistique optimise le transport et les livraisons de votre mat\u00e9riel sur site. Airkan dispose de son propre service logistique, offrant une grande r\u00e9activit\u00e9 et une tra\u00e7abilit\u00e9 totale. Nous connaissons les r\u00e9alit\u00e9s de mise en \u0153uvre sur chantier et nous optimisons les shifts de livraisons pour que le chantier soit approvisionn\u00e9 en continu.<\/p>\n<h2 id=\"fabrication\">Fabrication ma\u00eetris\u00e9e<\/h2>\n<p>Si une pi\u00e8ce est manquante, ab\u00eem\u00e9e ou mal dimensionn\u00e9e, notre d\u00e9lai de production est extr\u00eamement court et enti\u00e8rement ma\u00eetris\u00e9, gr\u00e2ce \u00e0 nos \u00e9quipes et \u00e0 notre outillage moderne.<\/p>\n<h2 id=\"visite\">Visite sur site<\/h2>\n<p>Pour les projets sp\u00e9ciaux et les installations complexes, notre \u00e9quipe d\u2019\u00e9tude se d\u00e9place sur chantier, pour optimiser votre projet dans une approche de partenariat global.<\/p>\n<h2 id=\"surmesure\">Fabrication sur mesure<\/h2>\n<p>Airkan peut faire face \u00e0 tout type de chantier, m\u00eame le plus complexe, gr\u00e2ce \u00e0 sa production sur mesure, toujours adapt\u00e9e au projet.<\/p>\n<p>Notre Bureau d\u2019\u00e9tude apporte une plus-value ind\u00e9niable dans l\u2019approche technique et le dessin des pi\u00e8ces n\u00e9cessaires. Selon les exigences techniques, la production des pi\u00e8ces sera r\u00e9alis\u00e9e par un ouvrier hautement qualifi\u00e9 ou par nos robots dernier cri.<\/p>\n<h2 id=\"delai\">D\u00e9lais raccourcis<\/h2>\n<p>Gr\u00e2ce \u00e0 la ma\u00eetrise totale de notre production et \u00e0 notre parc machine de derni\u00e8re g\u00e9n\u00e9ration, nos d\u00e9lais de production sont extr\u00eamement courts. Notre grande capacit\u00e9 de stockage offre \u00e0 nos clients une r\u00e9activit\u00e9 \u00e0 toute \u00e9preuve.<\/p>\n<p>La ma\u00eetrise de notre cha\u00eene logistique nous permet \u00e9galement de compresser au maximum les d\u00e9lais d\u2019approvisionnement.<\/p>\n<h2 id=\"rd\">R&amp;D<\/h2>\n<p>Notre bureau d\u2019\u00e9tude optimise la d\u00e9coupe de vos plans et le calcul des m\u00e9tr\u00e9s.<br \/>\nLes gains de cette \u00e9tude sont multiples :<\/p>\n<ul>\n<li>Optimisation des m\u00e9tr\u00e9s<\/li>\n<li>Compression des co\u00fbts<\/li>\n<li>Dessin des pi\u00e8ces hors standards<\/li>\n<li>Etude compl\u00e8te des accessoires n\u00e9cessaires<\/li>\n<li>Conseils \u00e9tanch\u00e9it\u00e9<\/li>\n<\/ul>\n<h2 id=\"accessoires\">Accessoires<\/h2>\n<p>En compl\u00e9ment de notre production de gaines, Airkan met \u00e0 votre disposition une large gamme d\u2019accessoires pour optimiser l\u2019installation de vos syst\u00e8mes de ventilation : clapets, ventouses d\u2019extraction et de soufflage, flexibles, isolants int\u00e9rieurs et ext\u00e9rieurs, chapeaux, silencieux, joints, visserie\u2026<\/p>\n<p>Issu de recherches pouss\u00e9es en \u00e9tanch\u00e9it\u00e9, sp\u00e9cifiquement d\u00e9di\u00e9 aux gaines rectangulaires, le <strong>Coin Mousse<\/strong> est une innovation Airkan qui limite les d\u00e9perditions et rend votre installation jusque 2 fois plus \u00e9tanche.<\/p>\n<p>Airkan vous offre toute l\u2019efficacit\u00e9 d\u2019un one stop shop professionnel pour faciliter le montage de votre installation, \u00e0 moindre co\u00fbt.<\/p>\n<h2 id=\"exportation\">Exportation<\/h2>\n<p>Les \u00e9quipes d\u2019Airkan sont imbattables pour \u00e9tudier, concevoir, produire, empaqueter et exp\u00e9dier le package complet destin\u00e9 \u00e0 votre chantier, m\u00eame \u00e0 tr\u00e8s grande distance.<\/p>\n<p>Notre d\u00e9partement \u00ab grande exportation \u00bb vous offre le confort d\u2019un one stop shop, le conseil adapt\u00e9 aux conditions de votre chantier et l\u2019assurance d\u2019une production\/livraison sans souci.<\/p>\n<h2 id=\"appareil\">Appareils de mesure<\/h2>\n<p>Airkan vous permet de v\u00e9rifier la conformit\u00e9 de votre installation en Z275 grammes\/m\u00b2 gr\u00e2ce \u00e0 la fourniture d\u2019appareils de mesure haute performance.<\/p>\n<p>Une machine pour tester l\u2019\u00e9tanch\u00e9it\u00e9 des r\u00e9seaux est \u00e9galement disponible pour vos chantiers !<\/p>\n","protected":false},"excerpt":{"rendered":"<p>Bureau d\u2019\u00e9tude \u2013 Etude des plans Notre bureau d\u2019\u00e9tude \u00e9tudie les plans de votre projet et optimise les sections, raccords et accessoires n\u00e9cessaires. De cette mani\u00e8re, le budget du projet est totalement optimis\u00e9 et le d\u00e9lai de mise en \u0153uvre sur chantier est raccourci. Service Logistique Notre d\u00e9partement logistique optimise le transport et les livraisons [&hellip;]<\/p>\n","protected":false},"author":1,"featured_media":0,"parent":0,"menu_order":0,"comment_status":"closed","ping_status":"closed","template":"","meta":{"_acf_changed":false,"footnotes":""},"class_list":["post-2","page","type-page","status-publish","hentry"],"acf":[],"_links":{"self":[{"href":"https:\/\/www.airkan.be\/fr\/wp-json\/wp\/v2\/pages\/2","targetHints":{"allow":["GET"]}}],"collection":[{"href":"https:\/\/www.airkan.be\/fr\/wp-json\/wp\/v2\/pages"}],"about":[{"href":"https:\/\/www.airkan.be\/fr\/wp-json\/wp\/v2\/types\/page"}],"author":[{"embeddable":true,"href":"https:\/\/www.airkan.be\/fr\/wp-json\/wp\/v2\/users\/1"}],"replies":[{"embeddable":true,"href":"https:\/\/www.airkan.be\/fr\/wp-json\/wp\/v2\/comments?post=2"}],"version-history":[{"count":12,"href":"https:\/\/www.airkan.be\/fr\/wp-json\/wp\/v2\/pages\/2\/revisions"}],"predecessor-version":[{"id":2080,"href":"https:\/\/www.airkan.be\/fr\/wp-json\/wp\/v2\/pages\/2\/revisions\/2080"}],"wp:attachment":[{"href":"https:\/\/www.airkan.be\/fr\/wp-json\/wp\/v2\/media?parent=2"}],"curies":[{"name":"wp","href":"https:\/\/api.w.org\/{rel}","templated":true}]}}